
{"id":9867,"date":"2025-03-06T17:55:16","date_gmt":"2025-03-06T09:55:16","guid":{"rendered":"https:\/\/www.bluesunpv.com\/?page_id=9867"},"modified":"2025-03-06T17:57:43","modified_gmt":"2025-03-06T09:57:43","slug":"global-dealers-2","status":"publish","type":"page","link":"https:\/\/www.bluesunpv.com\/fr\/privacy-policy_d21","title":{"rendered":"Politique de confidentialit\u00e9"},"content":{"rendered":"<div data-elementor-type=\"wp-page\" data-elementor-id=\"9867\" class=\"elementor elementor-9867\" data-elementor-post-type=\"page\">\n\t\t\t\t<div class=\"elementor-element elementor-element-06a38b4 e-con-full e-flex e-con e-parent\" data-id=\"06a38b4\" data-element_type=\"container\">\n\t\t\t\t<div class=\"elementor-element elementor-element-462da49 elementor-widget__width-inherit elementor--h-position-center elementor--v-position-middle elementor-arrows-position-inside elementor-pagination-position-inside elementor-widget elementor-widget-slides\" data-id=\"462da49\" data-element_type=\"widget\" data-settings=\"{&quot;navigation&quot;:&quot;both&quot;,&quot;autoplay&quot;:&quot;yes&quot;,&quot;pause_on_hover&quot;:&quot;yes&quot;,&quot;pause_on_interaction&quot;:&quot;yes&quot;,&quot;autoplay_speed&quot;:5000,&quot;infinite&quot;:&quot;yes&quot;,&quot;transition&quot;:&quot;slide&quot;,&quot;transition_speed&quot;:500}\" data-widget_type=\"slides.default\">\n\t\t\t\t<div class=\"elementor-widget-container\">\n\t\t\t\t\t<div class=\"elementor-swiper\">\n\t\t\t<div class=\"elementor-slides-wrapper elementor-main-swiper swiper\" dir=\"ltr\" data-animation=\"\">\n\t\t\t\t<div class=\"swiper-wrapper elementor-slides\">\n\t\t\t\t\t\t\t\t\t\t<div class=\"elementor-repeater-item-ef6f062 swiper-slide\"><div class=\"swiper-slide-bg\" role=\"img\"><\/div><div class=\"swiper-slide-inner\" ><div class=\"swiper-slide-contents\"><div class=\"elementor-slide-heading\">Politique de confidentialit\u00e9<\/div><\/div><\/div><\/div>\t\t\t\t<\/div>\n\t\t\t\t\t\t\t<\/div>\n\t\t<\/div>\n\t\t\t\t<\/div>\n\t\t\t\t<\/div>\n\t\t<div class=\"elementor-element elementor-element-b24fc77 e-flex e-con-boxed e-con e-child\" data-id=\"b24fc77\" data-element_type=\"container\" data-settings=\"{&quot;background_background&quot;:&quot;classic&quot;}\">\n\t\t\t\t\t<div class=\"e-con-inner\">\n\t\t\t\t<div class=\"elementor-element elementor-element-b42dc78 elementor-widget elementor-widget-heading\" data-id=\"b42dc78\" data-element_type=\"widget\" data-widget_type=\"heading.default\">\n\t\t\t\t<div class=\"elementor-widget-container\">\n\t\t\t<div class=\"elementor-heading-title elementor-size-default\"><a href=\"\/fr\/\">La maison<\/a><\/div>\t\t<\/div>\n\t\t\t\t<\/div>\n\t\t\t\t<div class=\"elementor-element elementor-element-f17d759 elementor-widget elementor-widget-heading\" data-id=\"f17d759\" data-element_type=\"widget\" data-widget_type=\"heading.default\">\n\t\t\t\t<div class=\"elementor-widget-container\">\n\t\t\t<div class=\"elementor-heading-title elementor-size-default\">\/<\/div>\t\t<\/div>\n\t\t\t\t<\/div>\n\t\t\t\t<div class=\"elementor-element elementor-element-3978866 elementor-widget elementor-widget-heading\" data-id=\"3978866\" data-element_type=\"widget\" data-widget_type=\"heading.default\">\n\t\t\t\t<div class=\"elementor-widget-container\">\n\t\t\t<div class=\"elementor-heading-title elementor-size-default\">Politique de confidentialit\u00e9<\/div>\t\t<\/div>\n\t\t\t\t<\/div>\n\t\t\t\t\t<\/div>\n\t\t\t\t<\/div>\n\t\t\t\t<\/div>\n\t\t<div class=\"elementor-element elementor-element-a38a914 e-flex e-con-boxed e-con e-parent\" data-id=\"a38a914\" data-element_type=\"container\">\n\t\t\t\t\t<div class=\"e-con-inner\">\n\t\t\t\t<div class=\"elementor-element elementor-element-23967e6 elementor-widget elementor-widget-text-editor\" data-id=\"23967e6\" data-element_type=\"widget\" data-widget_type=\"text-editor.default\">\n\t\t\t\t<div class=\"elementor-widget-container\">\n\t\t\t\t\t\t\t<p>Bluesun solar a toujours attach\u00e9 de l'importance \u00e0 la protection des informations personnelles et de la vie priv\u00e9e. Nous prendrons les mesures de protection de la s\u00e9curit\u00e9 correspondantes conform\u00e9ment aux exigences des lois et r\u00e8glements, et nous ferons de notre mieux pour prot\u00e9ger vos informations personnelles d'une mani\u00e8re s\u00fbre et contr\u00f4lable.<\/p><p><br \/>Collecte et utilisation des informations<br \/>Nous sommes les seuls propri\u00e9taires des informations collect\u00e9es sur ce site web et par l'interm\u00e9diaire de plateformes d'enregistrement tierces. Nous ne pouvons acc\u00e9der \u00e0\/recueillir que les informations que vous nous fournissez volontairement par courrier \u00e9lectronique ou en remplissant un formulaire. Nous garantissons que vos informations ne seront pas utilis\u00e9es \u00e0 d'autres fins commerciales.<br \/><br \/>Votre acc\u00e8s aux informations et leur contr\u00f4le<br \/>Si vous ne souhaitez pas recevoir nos informations \u00e0 l'avenir, vous pouvez nous contacter \u00e0 tout moment en nous appelant pour r\u00e9voquer votre autorisation d'utiliser les informations.<br \/><br \/>S\u00e9curit\u00e9<br \/>Nous prenons des pr\u00e9cautions pour prot\u00e9ger vos informations, et celles-ci sont prot\u00e9g\u00e9es en ligne et hors ligne.<\/p><p>Les ordinateurs\/serveurs que nous utilisons pour stocker des informations personnellement identifiables sont conserv\u00e9s dans un environnement s\u00e9curis\u00e9.<\/p><p>Comment puis-je vous contacter ?<br \/>Pour toute question relative \u00e0 vos donn\u00e9es personnelles et \u00e0 la protection des donn\u00e9es, y compris la soumission d'une demande d'acc\u00e8s, veuillez nous contacter en utilisant les coordonn\u00e9es ci-dessous :\u00a0<a href=\"mailto:info@bluesunpv.com\" target=\"_blank\" rel=\"noopener\">info@bluesunpv.com<\/a><\/p>\t\t\t\t\t\t<\/div>\n\t\t\t\t<\/div>\n\t\t\t\t\t<\/div>\n\t\t\t\t<\/div>\n\t\t\t\t<\/div>","protected":false},"excerpt":{"rendered":"<p>Politique de confidentialit\u00e9 Accueil \/ Politique de confidentialit\u00e9 Bluesun solar a toujours attach\u00e9 de l'importance \u00e0 la protection des informations personnelles et de la vie priv\u00e9e. Nous prendrons les mesures de protection de la s\u00e9curit\u00e9 correspondantes conform\u00e9ment aux exigences des lois et r\u00e9glementations, et ferons de notre mieux pour prot\u00e9ger vos informations personnelles d'une mani\u00e8re s\u00fbre et contr\u00f4lable. Collecte et utilisation des informations [...]<\/p>","protected":false},"author":5,"featured_media":0,"parent":0,"menu_order":0,"comment_status":"closed","ping_status":"closed","template":"","meta":{"_acf_changed":false,"footnotes":""},"class_list":["post-9867","page","type-page","status-publish","hentry"],"acf":[],"yoast_head":"<!-- This site is optimized with the Yoast SEO plugin v24.1 - https:\/\/yoast.com\/wordpress\/plugins\/seo\/ -->\n<title>Privacy Policy - Bluesun Solar<\/title>\n<meta name=\"robots\" content=\"index, follow, max-snippet:-1, max-image-preview:large, max-video-preview:-1\" \/>\n<link rel=\"canonical\" href=\"https:\/\/www.bluesunpv.com\/fr\/privacy-policy_d21\/\" \/>\n<meta property=\"og:locale\" content=\"fr_FR\" \/>\n<meta property=\"og:type\" content=\"article\" \/>\n<meta property=\"og:title\" content=\"Privacy Policy - Bluesun Solar\" \/>\n<meta property=\"og:description\" content=\"Privacy Policy Home \/ Privacy Policy Bluesun solar has always attached importance to the protection of personal information and privacy. We will take corresponding security protection measures in accordance with the requirements of laws and regulations, and try our best to protect your personal information in a safe and controllable manner. Information collection and use [&hellip;]\" \/>\n<meta property=\"og:url\" content=\"https:\/\/www.bluesunpv.com\/fr\/privacy-policy_d21\/\" \/>\n<meta property=\"og:site_name\" content=\"Bluesun Solar\" \/>\n<meta property=\"article:publisher\" content=\"https:\/\/www.facebook.com\/pv.bluesun\" \/>\n<meta property=\"article:modified_time\" content=\"2025-03-06T09:57:43+00:00\" \/>\n<meta name=\"twitter:card\" content=\"summary_large_image\" \/>\n<meta name=\"twitter:label1\" content=\"Dur\u00e9e de lecture estim\u00e9e\" \/>\n\t<meta name=\"twitter:data1\" content=\"1 minute\" \/>\n<script type=\"application\/ld+json\" class=\"yoast-schema-graph\">{\"@context\":\"https:\/\/schema.org\",\"@graph\":[{\"@type\":\"WebPage\",\"@id\":\"https:\/\/www.bluesunpv.com\/ar\/privacy-policy_d21\/\",\"url\":\"https:\/\/www.bluesunpv.com\/ar\/privacy-policy_d21\/\",\"name\":\"Privacy Policy - Bluesun Solar\",\"isPartOf\":{\"@id\":\"https:\/\/www.bluesunpv.com\/#website\"},\"datePublished\":\"2025-03-06T09:55:16+00:00\",\"dateModified\":\"2025-03-06T09:57:43+00:00\",\"breadcrumb\":{\"@id\":\"https:\/\/www.bluesunpv.com\/ar\/privacy-policy_d21\/#breadcrumb\"},\"inLanguage\":\"fr-FR\",\"potentialAction\":[{\"@type\":\"ReadAction\",\"target\":[\"https:\/\/www.bluesunpv.com\/ar\/privacy-policy_d21\/\"]}]},{\"@type\":\"BreadcrumbList\",\"@id\":\"https:\/\/www.bluesunpv.com\/ar\/privacy-policy_d21\/#breadcrumb\",\"itemListElement\":[{\"@type\":\"ListItem\",\"position\":1,\"name\":\"\u9996\u9875\",\"item\":\"https:\/\/www.bluesunpv.com\/\"},{\"@type\":\"ListItem\",\"position\":2,\"name\":\"Privacy Policy\"}]},{\"@type\":\"WebSite\",\"@id\":\"https:\/\/www.bluesunpv.com\/#website\",\"url\":\"https:\/\/www.bluesunpv.com\/\",\"name\":\"Bluesun Solar\",\"description\":\"\",\"potentialAction\":[{\"@type\":\"SearchAction\",\"target\":{\"@type\":\"EntryPoint\",\"urlTemplate\":\"https:\/\/www.bluesunpv.com\/?s={search_term_string}\"},\"query-input\":{\"@type\":\"PropertyValueSpecification\",\"valueRequired\":true,\"valueName\":\"search_term_string\"}}],\"inLanguage\":\"fr-FR\"}]}<\/script>\n<!-- \/ Yoast SEO plugin. -->","yoast_head_json":{"title":"Privacy Policy - Bluesun Solar","robots":{"index":"index","follow":"follow","max-snippet":"max-snippet:-1","max-image-preview":"max-image-preview:large","max-video-preview":"max-video-preview:-1"},"canonical":"https:\/\/www.bluesunpv.com\/fr\/privacy-policy_d21\/","og_locale":"fr_FR","og_type":"article","og_title":"Privacy Policy - Bluesun Solar","og_description":"Privacy Policy Home \/ Privacy Policy Bluesun solar has always attached importance to the protection of personal information and privacy. We will take corresponding security protection measures in accordance with the requirements of laws and regulations, and try our best to protect your personal information in a safe and controllable manner. Information collection and use [&hellip;]","og_url":"https:\/\/www.bluesunpv.com\/fr\/privacy-policy_d21\/","og_site_name":"Bluesun Solar","article_publisher":"https:\/\/www.facebook.com\/pv.bluesun","article_modified_time":"2025-03-06T09:57:43+00:00","twitter_card":"summary_large_image","twitter_misc":{"Dur\u00e9e de lecture estim\u00e9e":"1 minute"},"schema":{"@context":"https:\/\/schema.org","@graph":[{"@type":"WebPage","@id":"https:\/\/www.bluesunpv.com\/ar\/privacy-policy_d21\/","url":"https:\/\/www.bluesunpv.com\/ar\/privacy-policy_d21\/","name":"Privacy Policy - Bluesun Solar","isPartOf":{"@id":"https:\/\/www.bluesunpv.com\/#website"},"datePublished":"2025-03-06T09:55:16+00:00","dateModified":"2025-03-06T09:57:43+00:00","breadcrumb":{"@id":"https:\/\/www.bluesunpv.com\/ar\/privacy-policy_d21\/#breadcrumb"},"inLanguage":"fr-FR","potentialAction":[{"@type":"ReadAction","target":["https:\/\/www.bluesunpv.com\/ar\/privacy-policy_d21\/"]}]},{"@type":"BreadcrumbList","@id":"https:\/\/www.bluesunpv.com\/ar\/privacy-policy_d21\/#breadcrumb","itemListElement":[{"@type":"ListItem","position":1,"name":"\u9996\u9875","item":"https:\/\/www.bluesunpv.com\/"},{"@type":"ListItem","position":2,"name":"Privacy Policy"}]},{"@type":"WebSite","@id":"https:\/\/www.bluesunpv.com\/#website","url":"https:\/\/www.bluesunpv.com\/","name":"Bluesun Solar","description":"","potentialAction":[{"@type":"SearchAction","target":{"@type":"EntryPoint","urlTemplate":"https:\/\/www.bluesunpv.com\/?s={search_term_string}"},"query-input":{"@type":"PropertyValueSpecification","valueRequired":true,"valueName":"search_term_string"}}],"inLanguage":"fr-FR"}]}},"_links":{"self":[{"href":"https:\/\/www.bluesunpv.com\/fr\/wp-json\/wp\/v2\/pages\/9867","targetHints":{"allow":["GET"]}}],"collection":[{"href":"https:\/\/www.bluesunpv.com\/fr\/wp-json\/wp\/v2\/pages"}],"about":[{"href":"https:\/\/www.bluesunpv.com\/fr\/wp-json\/wp\/v2\/types\/page"}],"author":[{"embeddable":true,"href":"https:\/\/www.bluesunpv.com\/fr\/wp-json\/wp\/v2\/users\/5"}],"replies":[{"embeddable":true,"href":"https:\/\/www.bluesunpv.com\/fr\/wp-json\/wp\/v2\/comments?post=9867"}],"version-history":[{"count":8,"href":"https:\/\/www.bluesunpv.com\/fr\/wp-json\/wp\/v2\/pages\/9867\/revisions"}],"predecessor-version":[{"id":9875,"href":"https:\/\/www.bluesunpv.com\/fr\/wp-json\/wp\/v2\/pages\/9867\/revisions\/9875"}],"wp:attachment":[{"href":"https:\/\/www.bluesunpv.com\/fr\/wp-json\/wp\/v2\/media?parent=9867"}],"curies":[{"name":"wp","href":"https:\/\/api.w.org\/{rel}","templated":true}]}}