
{"id":9867,"date":"2025-03-06T17:55:16","date_gmt":"2025-03-06T09:55:16","guid":{"rendered":"https:\/\/www.bluesunpv.com\/?page_id=9867"},"modified":"2025-03-06T17:57:43","modified_gmt":"2025-03-06T09:57:43","slug":"global-dealers-2","status":"publish","type":"page","link":"https:\/\/www.bluesunpv.com\/es\/privacy-policy_d21","title":{"rendered":"Pol\u00edtica de privacidad"},"content":{"rendered":"<div data-elementor-type=\"wp-page\" data-elementor-id=\"9867\" class=\"elementor elementor-9867\" data-elementor-post-type=\"page\">\n\t\t\t\t<div class=\"elementor-element elementor-element-06a38b4 e-con-full e-flex e-con e-parent\" data-id=\"06a38b4\" data-element_type=\"container\">\n\t\t\t\t<div class=\"elementor-element elementor-element-462da49 elementor-widget__width-inherit elementor--h-position-center elementor--v-position-middle elementor-arrows-position-inside elementor-pagination-position-inside elementor-widget elementor-widget-slides\" data-id=\"462da49\" data-element_type=\"widget\" data-settings=\"{&quot;navigation&quot;:&quot;both&quot;,&quot;autoplay&quot;:&quot;yes&quot;,&quot;pause_on_hover&quot;:&quot;yes&quot;,&quot;pause_on_interaction&quot;:&quot;yes&quot;,&quot;autoplay_speed&quot;:5000,&quot;infinite&quot;:&quot;yes&quot;,&quot;transition&quot;:&quot;slide&quot;,&quot;transition_speed&quot;:500}\" data-widget_type=\"slides.default\">\n\t\t\t\t<div class=\"elementor-widget-container\">\n\t\t\t\t\t<div class=\"elementor-swiper\">\n\t\t\t<div class=\"elementor-slides-wrapper elementor-main-swiper swiper\" dir=\"ltr\" data-animation=\"\">\n\t\t\t\t<div class=\"swiper-wrapper elementor-slides\">\n\t\t\t\t\t\t\t\t\t\t<div class=\"elementor-repeater-item-ef6f062 swiper-slide\"><div class=\"swiper-slide-bg\" role=\"img\"><\/div><div class=\"swiper-slide-inner\" ><div class=\"swiper-slide-contents\"><div class=\"elementor-slide-heading\">Pol\u00edtica de privacidad<\/div><\/div><\/div><\/div>\t\t\t\t<\/div>\n\t\t\t\t\t\t\t<\/div>\n\t\t<\/div>\n\t\t\t\t<\/div>\n\t\t\t\t<\/div>\n\t\t<div class=\"elementor-element elementor-element-b24fc77 e-flex e-con-boxed e-con e-child\" data-id=\"b24fc77\" data-element_type=\"container\" data-settings=\"{&quot;background_background&quot;:&quot;classic&quot;}\">\n\t\t\t\t\t<div class=\"e-con-inner\">\n\t\t\t\t<div class=\"elementor-element elementor-element-b42dc78 elementor-widget elementor-widget-heading\" data-id=\"b42dc78\" data-element_type=\"widget\" data-widget_type=\"heading.default\">\n\t\t\t\t<div class=\"elementor-widget-container\">\n\t\t\t<div class=\"elementor-heading-title elementor-size-default\"><a href=\"\/es\/\">Casa<\/a><\/div>\t\t<\/div>\n\t\t\t\t<\/div>\n\t\t\t\t<div class=\"elementor-element elementor-element-f17d759 elementor-widget elementor-widget-heading\" data-id=\"f17d759\" data-element_type=\"widget\" data-widget_type=\"heading.default\">\n\t\t\t\t<div class=\"elementor-widget-container\">\n\t\t\t<div class=\"elementor-heading-title elementor-size-default\">\/<\/div>\t\t<\/div>\n\t\t\t\t<\/div>\n\t\t\t\t<div class=\"elementor-element elementor-element-3978866 elementor-widget elementor-widget-heading\" data-id=\"3978866\" data-element_type=\"widget\" data-widget_type=\"heading.default\">\n\t\t\t\t<div class=\"elementor-widget-container\">\n\t\t\t<div class=\"elementor-heading-title elementor-size-default\">Pol\u00edtica de privacidad<\/div>\t\t<\/div>\n\t\t\t\t<\/div>\n\t\t\t\t\t<\/div>\n\t\t\t\t<\/div>\n\t\t\t\t<\/div>\n\t\t<div class=\"elementor-element elementor-element-a38a914 e-flex e-con-boxed e-con e-parent\" data-id=\"a38a914\" data-element_type=\"container\">\n\t\t\t\t\t<div class=\"e-con-inner\">\n\t\t\t\t<div class=\"elementor-element elementor-element-23967e6 elementor-widget elementor-widget-text-editor\" data-id=\"23967e6\" data-element_type=\"widget\" data-widget_type=\"text-editor.default\">\n\t\t\t\t<div class=\"elementor-widget-container\">\n\t\t\t\t\t\t\t<p>Bluesun solar siempre ha concedido importancia a la protecci\u00f3n de la informaci\u00f3n personal y la privacidad. Tomaremos las medidas de protecci\u00f3n de seguridad correspondientes de acuerdo con los requisitos de las leyes y normativas, e intentaremos por todos los medios proteger su informaci\u00f3n personal de forma segura y controlable.<\/p><p><br \/>Recogida y uso de la informaci\u00f3n<br \/>Somos los \u00fanicos propietarios de la informaci\u00f3n recopilada en este sitio web y a trav\u00e9s de plataformas de registro de terceros. S\u00f3lo podemos acceder\/recopilar la informaci\u00f3n que usted nos facilite voluntariamente por correo electr\u00f3nico o rellenando un formulario. Garantizamos que su informaci\u00f3n no se utilizar\u00e1 para ning\u00fan otro fin comercial.<br \/><br \/>Su acceso y control de la informaci\u00f3n<br \/>Si no desea recibir nuestra informaci\u00f3n en el futuro, puede ponerse en contacto con nosotros en cualquier momento llam\u00e1ndonos por tel\u00e9fono para revocar su autorizaci\u00f3n para utilizar la informaci\u00f3n.<br \/><br \/>Seguridad<br \/>Tomaremos precauciones para proteger su informaci\u00f3n, y su informaci\u00f3n est\u00e1 protegida en l\u00ednea y fuera de l\u00ednea.<\/p><p>Los ordenadores\/servidores que utilizamos para almacenar informaci\u00f3n personal identificable se mantienen en un entorno seguro.<\/p><p>\u00bfC\u00f3mo puedo ponerme en contacto con usted?<br \/>Para cualquier consulta relacionada con sus datos personales y la protecci\u00f3n de datos, incluida la presentaci\u00f3n de una solicitud de acceso, p\u00f3ngase en contacto con nosotros a trav\u00e9s de los datos que figuran a continuaci\u00f3n:\u00a0<a href=\"mailto:info@bluesunpv.com\" target=\"_blank\" rel=\"noopener\">info@bluesunpv.com<\/a><\/p>\t\t\t\t\t\t<\/div>\n\t\t\t\t<\/div>\n\t\t\t\t\t<\/div>\n\t\t\t\t<\/div>\n\t\t\t\t<\/div>","protected":false},"excerpt":{"rendered":"<p>Pol\u00edtica de privacidad Inicio \/ Pol\u00edtica de privacidad Bluesun solar siempre ha concedido importancia a la protecci\u00f3n de la informaci\u00f3n personal y la privacidad. Adoptaremos las medidas de protecci\u00f3n de seguridad correspondientes de acuerdo con los requisitos de las leyes y normativas, e intentaremos por todos los medios proteger su informaci\u00f3n personal de forma segura y controlable. Recopilaci\u00f3n y uso de informaci\u00f3n [...]<\/p>","protected":false},"author":5,"featured_media":0,"parent":0,"menu_order":0,"comment_status":"closed","ping_status":"closed","template":"","meta":{"_acf_changed":false,"footnotes":""},"class_list":["post-9867","page","type-page","status-publish","hentry"],"acf":[],"yoast_head":"<!-- This site is optimized with the Yoast SEO plugin v24.1 - https:\/\/yoast.com\/wordpress\/plugins\/seo\/ -->\n<title>Privacy Policy - Bluesun Solar<\/title>\n<meta name=\"robots\" content=\"index, follow, max-snippet:-1, max-image-preview:large, max-video-preview:-1\" \/>\n<link rel=\"canonical\" href=\"https:\/\/www.bluesunpv.com\/es\/privacy-policy_d21\/\" \/>\n<meta property=\"og:locale\" content=\"es_ES\" \/>\n<meta property=\"og:type\" content=\"article\" \/>\n<meta property=\"og:title\" content=\"Privacy Policy - Bluesun Solar\" \/>\n<meta property=\"og:description\" content=\"Privacy Policy Home \/ Privacy Policy Bluesun solar has always attached importance to the protection of personal information and privacy. We will take corresponding security protection measures in accordance with the requirements of laws and regulations, and try our best to protect your personal information in a safe and controllable manner. Information collection and use [&hellip;]\" \/>\n<meta property=\"og:url\" content=\"https:\/\/www.bluesunpv.com\/es\/privacy-policy_d21\/\" \/>\n<meta property=\"og:site_name\" content=\"Bluesun Solar\" \/>\n<meta property=\"article:publisher\" content=\"https:\/\/www.facebook.com\/pv.bluesun\" \/>\n<meta property=\"article:modified_time\" content=\"2025-03-06T09:57:43+00:00\" \/>\n<meta name=\"twitter:card\" content=\"summary_large_image\" \/>\n<meta name=\"twitter:label1\" content=\"Tiempo de lectura\" \/>\n\t<meta name=\"twitter:data1\" content=\"1 minuto\" \/>\n<script type=\"application\/ld+json\" class=\"yoast-schema-graph\">{\"@context\":\"https:\/\/schema.org\",\"@graph\":[{\"@type\":\"WebPage\",\"@id\":\"https:\/\/www.bluesunpv.com\/ar\/privacy-policy_d21\/\",\"url\":\"https:\/\/www.bluesunpv.com\/ar\/privacy-policy_d21\/\",\"name\":\"Privacy Policy - Bluesun Solar\",\"isPartOf\":{\"@id\":\"https:\/\/www.bluesunpv.com\/#website\"},\"datePublished\":\"2025-03-06T09:55:16+00:00\",\"dateModified\":\"2025-03-06T09:57:43+00:00\",\"breadcrumb\":{\"@id\":\"https:\/\/www.bluesunpv.com\/ar\/privacy-policy_d21\/#breadcrumb\"},\"inLanguage\":\"es\",\"potentialAction\":[{\"@type\":\"ReadAction\",\"target\":[\"https:\/\/www.bluesunpv.com\/ar\/privacy-policy_d21\/\"]}]},{\"@type\":\"BreadcrumbList\",\"@id\":\"https:\/\/www.bluesunpv.com\/ar\/privacy-policy_d21\/#breadcrumb\",\"itemListElement\":[{\"@type\":\"ListItem\",\"position\":1,\"name\":\"\u9996\u9875\",\"item\":\"https:\/\/www.bluesunpv.com\/\"},{\"@type\":\"ListItem\",\"position\":2,\"name\":\"Privacy Policy\"}]},{\"@type\":\"WebSite\",\"@id\":\"https:\/\/www.bluesunpv.com\/#website\",\"url\":\"https:\/\/www.bluesunpv.com\/\",\"name\":\"Bluesun Solar\",\"description\":\"\",\"potentialAction\":[{\"@type\":\"SearchAction\",\"target\":{\"@type\":\"EntryPoint\",\"urlTemplate\":\"https:\/\/www.bluesunpv.com\/?s={search_term_string}\"},\"query-input\":{\"@type\":\"PropertyValueSpecification\",\"valueRequired\":true,\"valueName\":\"search_term_string\"}}],\"inLanguage\":\"es\"}]}<\/script>\n<!-- \/ Yoast SEO plugin. -->","yoast_head_json":{"title":"Privacy Policy - Bluesun Solar","robots":{"index":"index","follow":"follow","max-snippet":"max-snippet:-1","max-image-preview":"max-image-preview:large","max-video-preview":"max-video-preview:-1"},"canonical":"https:\/\/www.bluesunpv.com\/es\/privacy-policy_d21\/","og_locale":"es_ES","og_type":"article","og_title":"Privacy Policy - Bluesun Solar","og_description":"Privacy Policy Home \/ Privacy Policy Bluesun solar has always attached importance to the protection of personal information and privacy. We will take corresponding security protection measures in accordance with the requirements of laws and regulations, and try our best to protect your personal information in a safe and controllable manner. Information collection and use [&hellip;]","og_url":"https:\/\/www.bluesunpv.com\/es\/privacy-policy_d21\/","og_site_name":"Bluesun Solar","article_publisher":"https:\/\/www.facebook.com\/pv.bluesun","article_modified_time":"2025-03-06T09:57:43+00:00","twitter_card":"summary_large_image","twitter_misc":{"Tiempo de lectura":"1 minuto"},"schema":{"@context":"https:\/\/schema.org","@graph":[{"@type":"WebPage","@id":"https:\/\/www.bluesunpv.com\/ar\/privacy-policy_d21\/","url":"https:\/\/www.bluesunpv.com\/ar\/privacy-policy_d21\/","name":"Privacy Policy - Bluesun Solar","isPartOf":{"@id":"https:\/\/www.bluesunpv.com\/#website"},"datePublished":"2025-03-06T09:55:16+00:00","dateModified":"2025-03-06T09:57:43+00:00","breadcrumb":{"@id":"https:\/\/www.bluesunpv.com\/ar\/privacy-policy_d21\/#breadcrumb"},"inLanguage":"es","potentialAction":[{"@type":"ReadAction","target":["https:\/\/www.bluesunpv.com\/ar\/privacy-policy_d21\/"]}]},{"@type":"BreadcrumbList","@id":"https:\/\/www.bluesunpv.com\/ar\/privacy-policy_d21\/#breadcrumb","itemListElement":[{"@type":"ListItem","position":1,"name":"\u9996\u9875","item":"https:\/\/www.bluesunpv.com\/"},{"@type":"ListItem","position":2,"name":"Privacy Policy"}]},{"@type":"WebSite","@id":"https:\/\/www.bluesunpv.com\/#website","url":"https:\/\/www.bluesunpv.com\/","name":"Bluesun Solar","description":"","potentialAction":[{"@type":"SearchAction","target":{"@type":"EntryPoint","urlTemplate":"https:\/\/www.bluesunpv.com\/?s={search_term_string}"},"query-input":{"@type":"PropertyValueSpecification","valueRequired":true,"valueName":"search_term_string"}}],"inLanguage":"es"}]}},"_links":{"self":[{"href":"https:\/\/www.bluesunpv.com\/es\/wp-json\/wp\/v2\/pages\/9867","targetHints":{"allow":["GET"]}}],"collection":[{"href":"https:\/\/www.bluesunpv.com\/es\/wp-json\/wp\/v2\/pages"}],"about":[{"href":"https:\/\/www.bluesunpv.com\/es\/wp-json\/wp\/v2\/types\/page"}],"author":[{"embeddable":true,"href":"https:\/\/www.bluesunpv.com\/es\/wp-json\/wp\/v2\/users\/5"}],"replies":[{"embeddable":true,"href":"https:\/\/www.bluesunpv.com\/es\/wp-json\/wp\/v2\/comments?post=9867"}],"version-history":[{"count":8,"href":"https:\/\/www.bluesunpv.com\/es\/wp-json\/wp\/v2\/pages\/9867\/revisions"}],"predecessor-version":[{"id":9875,"href":"https:\/\/www.bluesunpv.com\/es\/wp-json\/wp\/v2\/pages\/9867\/revisions\/9875"}],"wp:attachment":[{"href":"https:\/\/www.bluesunpv.com\/es\/wp-json\/wp\/v2\/media?parent=9867"}],"curies":[{"name":"wp","href":"https:\/\/api.w.org\/{rel}","templated":true}]}}