
{"id":12801,"date":"2026-02-03T10:29:22","date_gmt":"2026-02-03T02:29:22","guid":{"rendered":"https:\/\/www.bluesunpv.com\/?page_id=12801"},"modified":"2026-02-03T14:11:50","modified_gmt":"2026-02-03T06:11:50","slug":"all-products","status":"publish","type":"page","link":"https:\/\/www.bluesunpv.com\/es\/products\/","title":{"rendered":"All Products"},"content":{"rendered":"<div data-elementor-type=\"wp-page\" data-elementor-id=\"12801\" class=\"elementor elementor-12801\" data-elementor-post-type=\"page\">\n\t\t\t\t<div class=\"elementor-element elementor-element-3e0f240 e-con-full e-flex e-con e-parent\" data-id=\"3e0f240\" data-element_type=\"container\">\n\t\t\t\t<div class=\"elementor-element elementor-element-c7a7b0c elementor-widget__width-initial elementor--h-position-center elementor--v-position-middle elementor-widget elementor-widget-slides\" data-id=\"c7a7b0c\" data-element_type=\"widget\" data-settings=\"{&quot;navigation&quot;:&quot;none&quot;,&quot;autoplay&quot;:&quot;yes&quot;,&quot;pause_on_hover&quot;:&quot;yes&quot;,&quot;pause_on_interaction&quot;:&quot;yes&quot;,&quot;autoplay_speed&quot;:5000,&quot;infinite&quot;:&quot;yes&quot;,&quot;transition&quot;:&quot;slide&quot;,&quot;transition_speed&quot;:500}\" data-widget_type=\"slides.default\">\n\t\t\t\t<div class=\"elementor-widget-container\">\n\t\t\t\t\t<div class=\"elementor-swiper\">\n\t\t\t<div class=\"elementor-slides-wrapper elementor-main-swiper swiper\" dir=\"ltr\" data-animation=\"\">\n\t\t\t\t<div class=\"swiper-wrapper elementor-slides\">\n\t\t\t\t\t\t\t\t\t\t<div class=\"elementor-repeater-item-5ab8fdd swiper-slide\"><div class=\"swiper-slide-bg\" role=\"img\"><\/div><div class=\"swiper-slide-inner\" ><div class=\"swiper-slide-contents\"><div class=\"elementor-slide-heading\">All Products<\/div><\/div><\/div><\/div>\t\t\t\t<\/div>\n\t\t\t\t\t\t\t<\/div>\n\t\t<\/div>\n\t\t\t\t<\/div>\n\t\t\t\t<\/div>\n\t\t<div class=\"elementor-element elementor-element-759b94e e-flex e-con-boxed e-con e-child\" data-id=\"759b94e\" data-element_type=\"container\" data-settings=\"{&quot;background_background&quot;:&quot;classic&quot;}\">\n\t\t\t\t\t<div class=\"e-con-inner\">\n\t\t\t\t<div class=\"elementor-element elementor-element-089237c elementor-widget elementor-widget-heading\" data-id=\"089237c\" data-element_type=\"widget\" data-widget_type=\"heading.default\">\n\t\t\t\t<div class=\"elementor-widget-container\">\n\t\t\t<div class=\"elementor-heading-title elementor-size-default\"><a href=\"\/es\/\">Casa<\/a><\/div>\t\t<\/div>\n\t\t\t\t<\/div>\n\t\t\t\t<div class=\"elementor-element elementor-element-2e665aa elementor-widget elementor-widget-heading\" data-id=\"2e665aa\" data-element_type=\"widget\" data-widget_type=\"heading.default\">\n\t\t\t\t<div class=\"elementor-widget-container\">\n\t\t\t<div class=\"elementor-heading-title elementor-size-default\"> \/<\/div>\t\t<\/div>\n\t\t\t\t<\/div>\n\t\t\t\t<div class=\"elementor-element elementor-element-dd6de1f elementor-widget elementor-widget-heading\" data-id=\"dd6de1f\" data-element_type=\"widget\" data-widget_type=\"heading.default\">\n\t\t\t\t<div class=\"elementor-widget-container\">\n\t\t\t<div class=\"elementor-heading-title elementor-size-default\">Productos<\/div>\t\t<\/div>\n\t\t\t\t<\/div>\n\t\t\t\t\t<\/div>\n\t\t\t\t<\/div>\n\t\t\t\t<\/div>\n\t\t<div class=\"elementor-element elementor-element-27d3ad4 e-flex e-con-boxed e-con e-parent\" data-id=\"27d3ad4\" data-element_type=\"container\">\n\t\t\t\t\t<div class=\"e-con-inner\">\n\t\t<div class=\"elementor-element elementor-element-536cd4d e-con-full e-flex e-con e-child\" data-id=\"536cd4d\" data-element_type=\"container\">\n\t\t<div class=\"elementor-element elementor-element-0cf4e1b e-con-full e-flex e-con e-child\" data-id=\"0cf4e1b\" data-element_type=\"container\">\n\t\t<div class=\"elementor-element elementor-element-32d2528 e-flex e-con-boxed e-con e-child\" data-id=\"32d2528\" data-element_type=\"container\">\n\t\t\t\t\t<div class=\"e-con-inner\">\n\t\t\t\t<div class=\"elementor-element elementor-element-651e207 elementor-widget elementor-widget-heading\" data-id=\"651e207\" data-element_type=\"widget\" data-widget_type=\"heading.default\">\n\t\t\t\t<div class=\"elementor-widget-container\">\n\t\t\t<h1 class=\"elementor-heading-title elementor-size-default\">Solar PV &amp; Energy Storage Products Manufacturer<\/h1>\t\t<\/div>\n\t\t\t\t<\/div>\n\t\t\t\t<div class=\"elementor-element elementor-element-c54dc96 elementor-widget elementor-widget-heading\" data-id=\"c54dc96\" data-element_type=\"widget\" data-widget_type=\"heading.default\">\n\t\t\t\t<div class=\"elementor-widget-container\">\n\t\t\t<div class=\"elementor-heading-title elementor-size-default\">All Products<\/div>\t\t<\/div>\n\t\t\t\t<\/div>\n\t\t\t\t<div class=\"elementor-element elementor-element-be9b015 elementor-widget elementor-widget-heading\" data-id=\"be9b015\" data-element_type=\"widget\" data-widget_type=\"heading.default\">\n\t\t\t\t<div class=\"elementor-widget-container\">\n\t\t\t<div class=\"elementor-heading-title elementor-size-default\">Bluesun Solar provides a comprehensive range of solar PV and energy storage products, including solar panels, lithium solar batteries, solar inverters, and complete solar power systems. As an experienced manufacturer, we support residential, commercial, and utility-scale projects with reliable, high-performance solutions worldwide.\n<\/div>\t\t<\/div>\n\t\t\t\t<\/div>\n\t\t\t\t\t<\/div>\n\t\t\t\t<\/div>\n\t\t<div class=\"elementor-element elementor-element-b28ef17 e-flex e-con-boxed e-con e-child\" data-id=\"b28ef17\" data-element_type=\"container\">\n\t\t\t\t\t<div class=\"e-con-inner\">\n\t\t\t\t<div class=\"elementor-element elementor-element-9bc080b elementor-widget elementor-widget-heading\" data-id=\"9bc080b\" data-element_type=\"widget\" data-widget_type=\"heading.default\">\n\t\t\t\t<div class=\"elementor-widget-container\">\n\t\t\t<div class=\"elementor-heading-title elementor-size-default\">Soluciones est\u00e1ndar y productos personalizados<\/div>\t\t<\/div>\n\t\t\t\t<\/div>\n\t\t\t\t<div class=\"elementor-element elementor-element-157dd33 elementor-widget__width-initial elementor-widget elementor-widget-heading\" data-id=\"157dd33\" data-element_type=\"widget\" data-widget_type=\"heading.default\">\n\t\t\t\t<div class=\"elementor-widget-container\">\n\t\t\t<div class=\"elementor-heading-title elementor-size-default\">Nuestros productos se exportan a Europa, Sudeste Asi\u00e1tico, Oriente Medio, \u00c1frica y Sudam\u00e9rica, as\u00ed como a otros pa\u00edses y regiones. Bluesun ha madurado todo en una soluci\u00f3n, tambi\u00e9n proporciona servicio de productos personalizados, que ha ganado elogios de clientes de todo el mundo.<\/div>\t\t<\/div>\n\t\t\t\t<\/div>\n\t\t\t\t\t<\/div>\n\t\t\t\t<\/div>\n\t\t\t\t<\/div>\n\t\t\t\t<\/div>\n\t\t\t\t\t<\/div>\n\t\t\t\t<\/div>\n\t\t<div class=\"elementor-element elementor-element-24c2295 e-flex e-con-boxed e-con e-parent\" data-id=\"24c2295\" data-element_type=\"container\">\n\t\t\t\t\t<div class=\"e-con-inner\">\n\t\t<div class=\"elementor-element elementor-element-a4b3aa1 e-con-full e-flex e-con e-child\" data-id=\"a4b3aa1\" data-element_type=\"container\">\n\t\t\t\t<div class=\"elementor-element elementor-element-cef8b21 elementor-cta--skin-classic elementor-animated-content elementor-bg-transform elementor-bg-transform-zoom-in elementor-widget elementor-widget-call-to-action\" data-id=\"cef8b21\" data-element_type=\"widget\" data-widget_type=\"call-to-action.default\">\n\t\t\t\t<div class=\"elementor-widget-container\">\n\t\t\t\t\t<a class=\"elementor-cta\" href=\"\/es\/products\/solar-panel\/\">\n\t\t\t\t\t<div class=\"elementor-cta__bg-wrapper\">\n\t\t\t\t<div class=\"elementor-cta__bg elementor-bg\" style=\"background-image: url(https:\/\/www.bluesunpv.com\/wp-content\/uploads\/2025\/11\/c7e84643c457028f0c0d43ef2c38eeb2-1024x519.jpg);\" role=\"img\" aria-label=\"\"><\/div>\n\t\t\t\t<div class=\"elementor-cta__bg-overlay\"><\/div>\n\t\t\t<\/div>\n\t\t\t\t\t\t\t<div class=\"elementor-cta__content\">\n\t\t\t\t\n\t\t\t\t\t\t\t\t\t<h2 class=\"elementor-cta__title elementor-cta__content-item elementor-content-item\">\n\t\t\t\t\t\tPanel solar\t\t\t\t\t<\/h2>\n\t\t\t\t\n\t\t\t\t\t\t\t\t\t<div class=\"elementor-cta__description elementor-cta__content-item elementor-content-item\">\n\t\t\t\t\t\tHigh-efficiency solar panels including HPBC, N-Type TOPCon, and HJT modules for residential and commercial projects.\n\t\t\t\t\t<\/div>\n\t\t\t\t\n\t\t\t\t\t\t\t\t\t<div class=\"elementor-cta__button-wrapper elementor-cta__content-item elementor-content-item\">\n\t\t\t\t\t<span class=\"elementor-cta__button elementor-button elementor-size-\">\n\t\t\t\t\t\tView Products\t\t\t\t\t<\/span>\n\t\t\t\t\t<\/div>\n\t\t\t\t\t\t\t<\/div>\n\t\t\t\t\t\t<\/a>\n\t\t\t\t<\/div>\n\t\t\t\t<\/div>\n\t\t\t\t<\/div>\n\t\t<div class=\"elementor-element elementor-element-622d6bb e-con-full e-flex e-con e-child\" data-id=\"622d6bb\" data-element_type=\"container\">\n\t\t\t\t<div class=\"elementor-element elementor-element-1c5a551 elementor-cta--skin-classic elementor-animated-content elementor-bg-transform elementor-bg-transform-zoom-in elementor-widget elementor-widget-call-to-action\" data-id=\"1c5a551\" data-element_type=\"widget\" data-widget_type=\"call-to-action.default\">\n\t\t\t\t<div class=\"elementor-widget-container\">\n\t\t\t\t\t<a class=\"elementor-cta\" href=\"\/es\/products\/lithium-solar-battery\/\">\n\t\t\t\t\t<div class=\"elementor-cta__bg-wrapper\">\n\t\t\t\t<div class=\"elementor-cta__bg elementor-bg\" style=\"background-image: url(https:\/\/www.bluesunpv.com\/wp-content\/uploads\/2025\/12\/lithium-battery-bluesun.png);\" role=\"img\" aria-label=\"\"><\/div>\n\t\t\t\t<div class=\"elementor-cta__bg-overlay\"><\/div>\n\t\t\t<\/div>\n\t\t\t\t\t\t\t<div class=\"elementor-cta__content\">\n\t\t\t\t\n\t\t\t\t\t\t\t\t\t<h2 class=\"elementor-cta__title elementor-cta__content-item elementor-content-item\">\n\t\t\t\t\t\tLithium Solar Battery\t\t\t\t\t<\/h2>\n\t\t\t\t\n\t\t\t\t\t\t\t\t\t<div class=\"elementor-cta__description elementor-cta__content-item elementor-content-item\">\n\t\t\t\t\t\tLithium solar batteries with long cycle life and stable performance for residential and commercial energy storage systems.\n\t\t\t\t\t<\/div>\n\t\t\t\t\n\t\t\t\t\t\t\t\t\t<div class=\"elementor-cta__button-wrapper elementor-cta__content-item elementor-content-item\">\n\t\t\t\t\t<span class=\"elementor-cta__button elementor-button elementor-size-\">\n\t\t\t\t\t\tView Products\t\t\t\t\t<\/span>\n\t\t\t\t\t<\/div>\n\t\t\t\t\t\t\t<\/div>\n\t\t\t\t\t\t<\/a>\n\t\t\t\t<\/div>\n\t\t\t\t<\/div>\n\t\t\t\t<\/div>\n\t\t<div class=\"elementor-element elementor-element-b6ea820 e-con-full e-flex e-con e-child\" data-id=\"b6ea820\" data-element_type=\"container\">\n\t\t\t\t<div class=\"elementor-element elementor-element-b82c3d9 elementor-cta--skin-classic elementor-animated-content elementor-bg-transform elementor-bg-transform-zoom-in elementor-widget elementor-widget-call-to-action\" data-id=\"b82c3d9\" data-element_type=\"widget\" data-widget_type=\"call-to-action.default\">\n\t\t\t\t<div class=\"elementor-widget-container\">\n\t\t\t\t\t<a class=\"elementor-cta\" href=\"https:\/\/www.bluesunpv.com\/es\/products\/solar-inverter\/\">\n\t\t\t\t\t<div class=\"elementor-cta__bg-wrapper\">\n\t\t\t\t<div class=\"elementor-cta__bg elementor-bg\" style=\"background-image: url(https:\/\/www.bluesunpv.com\/wp-content\/uploads\/2024\/11\/125-250kw-on-grid-inverter-e1732864279422.jpg);\" role=\"img\" aria-label=\"Inversor de red de 125-250 kW\"><\/div>\n\t\t\t\t<div class=\"elementor-cta__bg-overlay\"><\/div>\n\t\t\t<\/div>\n\t\t\t\t\t\t\t<div class=\"elementor-cta__content\">\n\t\t\t\t\n\t\t\t\t\t\t\t\t\t<h2 class=\"elementor-cta__title elementor-cta__content-item elementor-content-item\">\n\t\t\t\t\t\tInversor Solar\t\t\t\t\t<\/h2>\n\t\t\t\t\n\t\t\t\t\t\t\t\t\t<div class=\"elementor-cta__description elementor-cta__content-item elementor-content-item\">\n\t\t\t\t\t\tGrid-tie, off-grid, and hybrid solar inverters designed for efficient power conversion and system stability.\n\t\t\t\t\t<\/div>\n\t\t\t\t\n\t\t\t\t\t\t\t\t\t<div class=\"elementor-cta__button-wrapper elementor-cta__content-item elementor-content-item\">\n\t\t\t\t\t<span class=\"elementor-cta__button elementor-button elementor-size-\">\n\t\t\t\t\t\tView Products\t\t\t\t\t<\/span>\n\t\t\t\t\t<\/div>\n\t\t\t\t\t\t\t<\/div>\n\t\t\t\t\t\t<\/a>\n\t\t\t\t<\/div>\n\t\t\t\t<\/div>\n\t\t\t\t<\/div>\n\t\t<div class=\"elementor-element elementor-element-4b6d162 e-con-full e-flex e-con e-child\" data-id=\"4b6d162\" data-element_type=\"container\">\n\t\t\t\t<div class=\"elementor-element elementor-element-ea5d9f4 elementor-cta--skin-classic elementor-animated-content elementor-bg-transform elementor-bg-transform-zoom-in elementor-widget elementor-widget-call-to-action\" data-id=\"ea5d9f4\" data-element_type=\"widget\" data-widget_type=\"call-to-action.default\">\n\t\t\t\t<div class=\"elementor-widget-container\">\n\t\t\t\t\t<a class=\"elementor-cta\" href=\"https:\/\/www.bluesunpv.com\/es\/products\/solar-power-system\/\">\n\t\t\t\t\t<div class=\"elementor-cta__bg-wrapper\">\n\t\t\t\t<div class=\"elementor-cta__bg elementor-bg\" style=\"background-image: url(https:\/\/www.bluesunpv.com\/wp-content\/uploads\/2025\/12\/lQDPJwIT5yhpLVvNAkTNBHmwATKCz0yAnvIJB8Ib2ezSAA_1145_580-1024x519.jpg);\" role=\"img\" aria-label=\"\"><\/div>\n\t\t\t\t<div class=\"elementor-cta__bg-overlay\"><\/div>\n\t\t\t<\/div>\n\t\t\t\t\t\t\t<div class=\"elementor-cta__content\">\n\t\t\t\t\n\t\t\t\t\t\t\t\t\t<h2 class=\"elementor-cta__title elementor-cta__content-item elementor-content-item\">\n\t\t\t\t\t\tSistema De Energ\u00eda Solar\t\t\t\t\t<\/h2>\n\t\t\t\t\n\t\t\t\t\t\t\t\t\t<div class=\"elementor-cta__description elementor-cta__content-item elementor-content-item\">\n\t\t\t\t\t\tComplete solar power systems for on-grid, off-grid, and energy storage applications worldwide.\n\t\t\t\t\t<\/div>\n\t\t\t\t\n\t\t\t\t\t\t\t\t\t<div class=\"elementor-cta__button-wrapper elementor-cta__content-item elementor-content-item\">\n\t\t\t\t\t<span class=\"elementor-cta__button elementor-button elementor-size-\">\n\t\t\t\t\t\tView Products\t\t\t\t\t<\/span>\n\t\t\t\t\t<\/div>\n\t\t\t\t\t\t\t<\/div>\n\t\t\t\t\t\t<\/a>\n\t\t\t\t<\/div>\n\t\t\t\t<\/div>\n\t\t\t\t<\/div>\n\t\t<div class=\"elementor-element elementor-element-3aa3f66 e-con-full e-flex e-con e-child\" data-id=\"3aa3f66\" data-element_type=\"container\">\n\t\t\t\t<div class=\"elementor-element elementor-element-0c39581 elementor-cta--skin-classic elementor-animated-content elementor-bg-transform elementor-bg-transform-zoom-in elementor-widget elementor-widget-call-to-action\" data-id=\"0c39581\" data-element_type=\"widget\" data-widget_type=\"call-to-action.default\">\n\t\t\t\t<div class=\"elementor-widget-container\">\n\t\t\t\t\t<a class=\"elementor-cta\" href=\"https:\/\/www.bluesunpv.com\/es\/products\/pv-accessories\/\">\n\t\t\t\t\t<div class=\"elementor-cta__bg-wrapper\">\n\t\t\t\t<div class=\"elementor-cta__bg elementor-bg\" style=\"background-image: url(https:\/\/www.bluesunpv.com\/wp-content\/uploads\/2025\/10\/EV-Charger-1024x519.jpg);\" role=\"img\" aria-label=\"\"><\/div>\n\t\t\t\t<div class=\"elementor-cta__bg-overlay\"><\/div>\n\t\t\t<\/div>\n\t\t\t\t\t\t\t<div class=\"elementor-cta__content\">\n\t\t\t\t\n\t\t\t\t\t\t\t\t\t<h2 class=\"elementor-cta__title elementor-cta__content-item elementor-content-item\">\n\t\t\t\t\t\tPV Accesorios\t\t\t\t\t<\/h2>\n\t\t\t\t\n\t\t\t\t\t\t\t\t\t<div class=\"elementor-cta__description elementor-cta__content-item elementor-content-item\">\n\t\t\t\t\t\tPV accessories including mounting structures, solar pumps, and EV chargers for solar installations.\n\t\t\t\t\t<\/div>\n\t\t\t\t\n\t\t\t\t\t\t\t\t\t<div class=\"elementor-cta__button-wrapper elementor-cta__content-item elementor-content-item\">\n\t\t\t\t\t<span class=\"elementor-cta__button elementor-button elementor-size-\">\n\t\t\t\t\t\tView Products\t\t\t\t\t<\/span>\n\t\t\t\t\t<\/div>\n\t\t\t\t\t\t\t<\/div>\n\t\t\t\t\t\t<\/a>\n\t\t\t\t<\/div>\n\t\t\t\t<\/div>\n\t\t\t\t<\/div>\n\t\t\t\t\t<\/div>\n\t\t\t\t<\/div>\n\t\t<div class=\"elementor-element elementor-element-d1bd932 e-con-full elementor-hidden-tablet elementor-hidden-mobile e-flex e-con e-parent\" data-id=\"d1bd932\" data-element_type=\"container\" data-settings=\"{&quot;background_background&quot;:&quot;classic&quot;}\">\n\t\t\t\t<div class=\"elementor-element elementor-element-190e08d elementor-widget elementor-widget-heading\" data-id=\"190e08d\" data-element_type=\"widget\" data-widget_type=\"heading.default\">\n\t\t\t\t<div class=\"elementor-widget-container\">\n\t\t\t<div class=\"elementor-heading-title elementor-size-default\">Our product range covers solar panels, lithium solar batteries, inverters, power systems, \n<br>and accessories for residential, commercial, and industrial solar projects worldwide.<\/div>\t\t<\/div>\n\t\t\t\t<\/div>\n\t\t\t\t<div class=\"elementor-element elementor-element-128fb34 elementor-align-center elementor-widget__width-initial blkg-pra-btn elementor-widget elementor-widget-button\" data-id=\"128fb34\" data-element_type=\"widget\" data-widget_type=\"button.default\">\n\t\t\t\t<div class=\"elementor-widget-container\">\n\t\t\t\t\t\t\t<div class=\"elementor-button-wrapper\">\n\t\t\t\t\t<a class=\"elementor-button elementor-button-link elementor-size-sm\" href=\"#elementor-action%3Aaction%3Dpopup%3Aopen%26settings%3DeyJpZCI6IjQ1NTUiLCJ0b2dnbGUiOmZhbHNlfQ%3D%3D\">\n\t\t\t\t\t\t<span class=\"elementor-button-content-wrapper\">\n\t\t\t\t\t\t\t\t\t<span class=\"elementor-button-text\">Explore PV Products<\/span>\n\t\t\t\t\t<\/span>\n\t\t\t\t\t<\/a>\n\t\t\t\t<\/div>\n\t\t\t\t\t\t<\/div>\n\t\t\t\t<\/div>\n\t\t\t\t<\/div>\n\t\t\t\t<\/div>","protected":false},"excerpt":{"rendered":"<p>All Products Home \/ Products Solar PV &amp; Energy Storage Products Manufacturer All Products Bluesun Solar provides a comprehensive range of solar PV and energy storage products, including solar panels, lithium solar batteries, solar inverters, and complete solar power systems. As an experienced manufacturer, we support residential, commercial, and utility-scale projects with reliable, high-performance solutions [&hellip;]<\/p>","protected":false},"author":5,"featured_media":9965,"parent":0,"menu_order":0,"comment_status":"closed","ping_status":"closed","template":"","meta":{"_acf_changed":false,"footnotes":""},"class_list":["post-12801","page","type-page","status-publish","has-post-thumbnail","hentry"],"acf":[],"yoast_head":"<!-- This site is optimized with the Yoast SEO plugin v24.1 - https:\/\/yoast.com\/wordpress\/plugins\/seo\/ -->\n<title>Solar PV &amp; Energy Storage Products Manufacturer | Bluesun Solar<\/title>\n<meta name=\"description\" content=\"Explore Bluesun\u2019s full range of solar PV and energy storage products, including solar panels, lithium solar batteries, inverters, and complete solar power systems for global projects.\" \/>\n<meta name=\"robots\" content=\"index, follow, max-snippet:-1, max-image-preview:large, max-video-preview:-1\" \/>\n<link rel=\"canonical\" href=\"https:\/\/www.bluesunpv.com\/es\/products\/\" \/>\n<meta property=\"og:locale\" content=\"es_ES\" \/>\n<meta property=\"og:type\" content=\"article\" \/>\n<meta property=\"og:title\" content=\"Solar PV &amp; Energy Storage Products Manufacturer | Bluesun Solar\" \/>\n<meta property=\"og:description\" content=\"Explore Bluesun\u2019s full range of solar PV and energy storage products, including solar panels, lithium solar batteries, inverters, and complete solar power systems for global projects.\" \/>\n<meta property=\"og:url\" content=\"https:\/\/www.bluesunpv.com\/es\/products\/\" \/>\n<meta property=\"og:site_name\" content=\"Bluesun Solar\" \/>\n<meta property=\"article:publisher\" content=\"https:\/\/www.facebook.com\/pv.bluesun\" \/>\n<meta property=\"article:modified_time\" content=\"2026-02-03T06:11:50+00:00\" \/>\n<meta property=\"og:image\" content=\"https:\/\/www.bluesunpv.com\/wp-content\/uploads\/2025\/03\/bluesun-products.jpg\" \/>\n\t<meta property=\"og:image:width\" content=\"567\" \/>\n\t<meta property=\"og:image:height\" content=\"398\" \/>\n\t<meta property=\"og:image:type\" content=\"image\/jpeg\" \/>\n<meta name=\"twitter:card\" content=\"summary_large_image\" \/>\n<meta name=\"twitter:label1\" content=\"Tiempo de lectura\" \/>\n\t<meta name=\"twitter:data1\" content=\"1 minuto\" \/>\n<script type=\"application\/ld+json\" class=\"yoast-schema-graph\">{\"@context\":\"https:\/\/schema.org\",\"@graph\":[{\"@type\":\"WebPage\",\"@id\":\"https:\/\/www.bluesunpv.com\/fr\/products\/\",\"url\":\"https:\/\/www.bluesunpv.com\/fr\/products\/\",\"name\":\"Solar PV & Energy Storage Products Manufacturer | Bluesun Solar\",\"isPartOf\":{\"@id\":\"https:\/\/www.bluesunpv.com\/#website\"},\"primaryImageOfPage\":{\"@id\":\"https:\/\/www.bluesunpv.com\/fr\/products\/#primaryimage\"},\"image\":{\"@id\":\"https:\/\/www.bluesunpv.com\/fr\/products\/#primaryimage\"},\"thumbnailUrl\":\"https:\/\/www.bluesunpv.com\/wp-content\/uploads\/2025\/03\/bluesun-products.jpg\",\"datePublished\":\"2026-02-03T02:29:22+00:00\",\"dateModified\":\"2026-02-03T06:11:50+00:00\",\"description\":\"Explore Bluesun\u2019s full range of solar PV and energy storage products, including solar panels, lithium solar batteries, inverters, and complete solar power systems for global projects.\",\"breadcrumb\":{\"@id\":\"https:\/\/www.bluesunpv.com\/fr\/products\/#breadcrumb\"},\"inLanguage\":\"es\",\"potentialAction\":[{\"@type\":\"ReadAction\",\"target\":[\"https:\/\/www.bluesunpv.com\/fr\/products\/\"]}]},{\"@type\":\"ImageObject\",\"inLanguage\":\"es\",\"@id\":\"https:\/\/www.bluesunpv.com\/fr\/products\/#primaryimage\",\"url\":\"https:\/\/www.bluesunpv.com\/wp-content\/uploads\/2025\/03\/bluesun-products.jpg\",\"contentUrl\":\"https:\/\/www.bluesunpv.com\/wp-content\/uploads\/2025\/03\/bluesun-products.jpg\",\"width\":567,\"height\":398,\"caption\":\"Solar PV & Energy Storage Products Manufacturer\"},{\"@type\":\"BreadcrumbList\",\"@id\":\"https:\/\/www.bluesunpv.com\/fr\/products\/#breadcrumb\",\"itemListElement\":[{\"@type\":\"ListItem\",\"position\":1,\"name\":\"\u9996\u9875\",\"item\":\"https:\/\/www.bluesunpv.com\/\"},{\"@type\":\"ListItem\",\"position\":2,\"name\":\"All Products\"}]},{\"@type\":\"WebSite\",\"@id\":\"https:\/\/www.bluesunpv.com\/#website\",\"url\":\"https:\/\/www.bluesunpv.com\/\",\"name\":\"Bluesun Solar\",\"description\":\"\",\"potentialAction\":[{\"@type\":\"SearchAction\",\"target\":{\"@type\":\"EntryPoint\",\"urlTemplate\":\"https:\/\/www.bluesunpv.com\/?s={search_term_string}\"},\"query-input\":{\"@type\":\"PropertyValueSpecification\",\"valueRequired\":true,\"valueName\":\"search_term_string\"}}],\"inLanguage\":\"es\"}]}<\/script>\n<!-- \/ Yoast SEO plugin. -->","yoast_head_json":{"title":"Solar PV & Energy Storage Products Manufacturer | Bluesun Solar","description":"Explore Bluesun\u2019s full range of solar PV and energy storage products, including solar panels, lithium solar batteries, inverters, and complete solar power systems for global projects.","robots":{"index":"index","follow":"follow","max-snippet":"max-snippet:-1","max-image-preview":"max-image-preview:large","max-video-preview":"max-video-preview:-1"},"canonical":"https:\/\/www.bluesunpv.com\/es\/products\/","og_locale":"es_ES","og_type":"article","og_title":"Solar PV & Energy Storage Products Manufacturer | Bluesun Solar","og_description":"Explore Bluesun\u2019s full range of solar PV and energy storage products, including solar panels, lithium solar batteries, inverters, and complete solar power systems for global projects.","og_url":"https:\/\/www.bluesunpv.com\/es\/products\/","og_site_name":"Bluesun Solar","article_publisher":"https:\/\/www.facebook.com\/pv.bluesun","article_modified_time":"2026-02-03T06:11:50+00:00","og_image":[{"width":567,"height":398,"url":"https:\/\/www.bluesunpv.com\/wp-content\/uploads\/2025\/03\/bluesun-products.jpg","type":"image\/jpeg"}],"twitter_card":"summary_large_image","twitter_misc":{"Tiempo de lectura":"1 minuto"},"schema":{"@context":"https:\/\/schema.org","@graph":[{"@type":"WebPage","@id":"https:\/\/www.bluesunpv.com\/fr\/products\/","url":"https:\/\/www.bluesunpv.com\/fr\/products\/","name":"Solar PV & Energy Storage Products Manufacturer | Bluesun Solar","isPartOf":{"@id":"https:\/\/www.bluesunpv.com\/#website"},"primaryImageOfPage":{"@id":"https:\/\/www.bluesunpv.com\/fr\/products\/#primaryimage"},"image":{"@id":"https:\/\/www.bluesunpv.com\/fr\/products\/#primaryimage"},"thumbnailUrl":"https:\/\/www.bluesunpv.com\/wp-content\/uploads\/2025\/03\/bluesun-products.jpg","datePublished":"2026-02-03T02:29:22+00:00","dateModified":"2026-02-03T06:11:50+00:00","description":"Explore Bluesun\u2019s full range of solar PV and energy storage products, including solar panels, lithium solar batteries, inverters, and complete solar power systems for global projects.","breadcrumb":{"@id":"https:\/\/www.bluesunpv.com\/fr\/products\/#breadcrumb"},"inLanguage":"es","potentialAction":[{"@type":"ReadAction","target":["https:\/\/www.bluesunpv.com\/fr\/products\/"]}]},{"@type":"ImageObject","inLanguage":"es","@id":"https:\/\/www.bluesunpv.com\/fr\/products\/#primaryimage","url":"https:\/\/www.bluesunpv.com\/wp-content\/uploads\/2025\/03\/bluesun-products.jpg","contentUrl":"https:\/\/www.bluesunpv.com\/wp-content\/uploads\/2025\/03\/bluesun-products.jpg","width":567,"height":398,"caption":"Solar PV & Energy Storage Products Manufacturer"},{"@type":"BreadcrumbList","@id":"https:\/\/www.bluesunpv.com\/fr\/products\/#breadcrumb","itemListElement":[{"@type":"ListItem","position":1,"name":"\u9996\u9875","item":"https:\/\/www.bluesunpv.com\/"},{"@type":"ListItem","position":2,"name":"All Products"}]},{"@type":"WebSite","@id":"https:\/\/www.bluesunpv.com\/#website","url":"https:\/\/www.bluesunpv.com\/","name":"Bluesun Solar","description":"","potentialAction":[{"@type":"SearchAction","target":{"@type":"EntryPoint","urlTemplate":"https:\/\/www.bluesunpv.com\/?s={search_term_string}"},"query-input":{"@type":"PropertyValueSpecification","valueRequired":true,"valueName":"search_term_string"}}],"inLanguage":"es"}]}},"_links":{"self":[{"href":"https:\/\/www.bluesunpv.com\/es\/wp-json\/wp\/v2\/pages\/12801","targetHints":{"allow":["GET"]}}],"collection":[{"href":"https:\/\/www.bluesunpv.com\/es\/wp-json\/wp\/v2\/pages"}],"about":[{"href":"https:\/\/www.bluesunpv.com\/es\/wp-json\/wp\/v2\/types\/page"}],"author":[{"embeddable":true,"href":"https:\/\/www.bluesunpv.com\/es\/wp-json\/wp\/v2\/users\/5"}],"replies":[{"embeddable":true,"href":"https:\/\/www.bluesunpv.com\/es\/wp-json\/wp\/v2\/comments?post=12801"}],"version-history":[{"count":16,"href":"https:\/\/www.bluesunpv.com\/es\/wp-json\/wp\/v2\/pages\/12801\/revisions"}],"predecessor-version":[{"id":12818,"href":"https:\/\/www.bluesunpv.com\/es\/wp-json\/wp\/v2\/pages\/12801\/revisions\/12818"}],"wp:featuredmedia":[{"embeddable":true,"href":"https:\/\/www.bluesunpv.com\/es\/wp-json\/wp\/v2\/media\/9965"}],"wp:attachment":[{"href":"https:\/\/www.bluesunpv.com\/es\/wp-json\/wp\/v2\/media?parent=12801"}],"curies":[{"name":"wp","href":"https:\/\/api.w.org\/{rel}","templated":true}]}}